{"id":3252,"date":"2026-03-03T11:06:44","date_gmt":"2026-03-03T16:06:44","guid":{"rendered":"https:\/\/pegsa.com.co\/?page_id=3252"},"modified":"2026-03-03T11:21:04","modified_gmt":"2026-03-03T16:21:04","slug":"prueba-slider","status":"publish","type":"page","link":"https:\/\/pegsa.com.co\/en\/prueba-slider\/","title":{"rendered":"Prueba slider"},"content":{"rendered":"\t\t<div data-elementor-type=\"wp-page\" data-elementor-id=\"3252\" class=\"elementor elementor-3252\" data-elementor-post-type=\"page\">\n\t\t\t\t<div class=\"elementor-element elementor-element-b67ae9e e-flex e-con-boxed e-con e-parent\" data-id=\"b67ae9e\" data-element_type=\"container\" data-e-type=\"container\">\n\t\t\t\t\t<div class=\"e-con-inner\">\n\t\t\t\t<div class=\"elementor-element elementor-element-e3810a6 elementor-widget elementor-widget-layerslider\" data-id=\"e3810a6\" data-element_type=\"widget\" data-e-type=\"widget\" data-widget_type=\"layerslider.default\">\n\t\t\t\t<div class=\"elementor-widget-container\">\n\t\t\t\t\t<script type=\"text\/javascript\">jQuery(function() { _initLayerSlider( '#layerslider_2_1n2er7n4mdg58', {createdWith: '6.5.202', sliderVersion: '8.2.0', type: 'fullwidth', allowFullscreen: true, stickTo: 'top', pauseOnHover: 'enabled', skin: 'numbers', sliderFadeInDuration: 350, hoverPrevNext: false, navStartStop: false, navButtons: false, hoverBottomNav: true, useSrcset: true, skinsPath: 'https:\/\/pegsa.com.co\/wp-content\/plugins\/LayerSlider\/assets\/static\/layerslider\/skins\/', performanceMode: true, plugins: [\"borderize\"]}); });<\/script><div id=\"layerslider_2_1n2er7n4mdg58\" data-ls-slug=\"homepage-slider\" class=\"ls-wp-container fitvidsignore ls-selectable\" style=\"width:2100px;height:850px;margin:0 auto;margin-bottom: 0px;\"><div class=\"ls-slide\" data-ls=\"bgsize:cover;bgcolor:rgba(51, 51, 51, 0);\"><img fetchpriority=\"high\" decoding=\"async\" width=\"1280\" height=\"518\" src=\"https:\/\/pegsa.com.co\/wp-content\/uploads\/2026\/03\/ls-project-2-slide-1-5.jpg\" class=\"ls-tn\" alt=\"\" srcset=\"https:\/\/pegsa.com.co\/wp-content\/uploads\/2026\/03\/ls-project-2-slide-1-5.jpg 1280w, https:\/\/pegsa.com.co\/wp-content\/uploads\/2026\/03\/ls-project-2-slide-1-5-300x121.jpg 300w, https:\/\/pegsa.com.co\/wp-content\/uploads\/2026\/03\/ls-project-2-slide-1-5-1024x414.jpg 1024w, https:\/\/pegsa.com.co\/wp-content\/uploads\/2026\/03\/ls-project-2-slide-1-5-768x311.jpg 768w\" sizes=\"(max-width: 1280px) 100vw, 1280px\" \/><ls-layer style=\"top:0px;left:0px;width:2101px;height:901px;\" class=\"ls-l ls-media-layer\"><video width=\"640\" height=\"360\" preload=\"metadata\" controls playsinline muted><source src=\"https:\/\/pegsa.com.co\/wp-content\/uploads\/2026\/03\/banner_animado_20_anos.mp4\" type=\"video\/mp4\" \/><\/video><\/ls-layer><\/div><div class=\"ls-slide\" data-ls=\"bgsize:cover;bgcolor:#303030;duration:4000;transition2d:5;\"><img decoding=\"async\" width=\"1376\" height=\"768\" src=\"https:\/\/pegsa.com.co\/wp-content\/uploads\/2026\/03\/jenbacher-operador.png\" class=\"ls-bg\" alt=\"Jenbacher operador\" srcset=\"https:\/\/pegsa.com.co\/wp-content\/uploads\/2026\/03\/jenbacher-operador.png 1376w, https:\/\/pegsa.com.co\/wp-content\/uploads\/2026\/03\/jenbacher-operador-300x167.png 300w, https:\/\/pegsa.com.co\/wp-content\/uploads\/2026\/03\/jenbacher-operador-1024x572.png 1024w, https:\/\/pegsa.com.co\/wp-content\/uploads\/2026\/03\/jenbacher-operador-768x429.png 768w\" sizes=\"(max-width: 1376px) 100vw, 1376px\" \/><img decoding=\"async\" width=\"1280\" height=\"600\" src=\"https:\/\/pegsa.com.co\/wp-content\/uploads\/2026\/03\/ls-project-2-slide-1-2.jpg\" class=\"ls-tn\" alt=\"\" srcset=\"https:\/\/pegsa.com.co\/wp-content\/uploads\/2026\/03\/ls-project-2-slide-1-2.jpg 1280w, https:\/\/pegsa.com.co\/wp-content\/uploads\/2026\/03\/ls-project-2-slide-1-2-300x141.jpg 300w, https:\/\/pegsa.com.co\/wp-content\/uploads\/2026\/03\/ls-project-2-slide-1-2-1024x480.jpg 1024w, https:\/\/pegsa.com.co\/wp-content\/uploads\/2026\/03\/ls-project-2-slide-1-2-768x360.jpg 768w\" sizes=\"(max-width: 1280px) 100vw, 1280px\" \/><ls-layer style=\"width:1920px;stroke:#000000;top:0px;left:0px;height:1080px;color:rgba(51, 51, 51, 0.56);\" class=\"ls-l ls-shape-layer\" data-ls=\"position:fixed;\"><svg xmlns=\"http:\/\/www.w3.org\/2000\/svg\" viewbox=\"-0 -0 1280 600\" preserveaspectratio=\"none\"><path fill=\"currentColor\" d=\"M 0 1 A 1 1 0 0 1 1 0 L 1279 0 A 1 1 0 0 1 1280 1 L 1280 599 A 1 1 0 0 1 1279 600 L 1 600 A 1 1 0 0 1 0 599 Z\"><\/path><\/svg><\/ls-layer><div style=\"top:267px;left:667px;mix-blend-mode:normal;font-size:21px;font-family:Helvetica;width:501px;background-color:#;color:#ffffff;height:66px;line-height:27px;white-space:normal;\" class=\"ls-l ls-html-layer\" data-ls=\"offsetyin:-50px;delayin:200;easingin:easeOutQuint;position:relative;\">Nuestro prop\u00f3sito se enfoca en ayudar a las empresas a operar de manera m\u00e1s sostenible y eficiente<\/div><a style=\"\" class=\"ls-l\" href=\"https:\/\/pegsa.com.co\/motores-a-gas-jenbacher-colombia\/\" target=\"_self\" data-ls=\"offsetyin:50px;delayin:200;easingin:easeOutQuint;hover:true;hovereasingin:easeInOutQuint;hoveropacity:0.7;position:relative;\"><span style=\"top:366px;left:664px;text-align:center;font-weight:600;color:#fff;font-size:15px;padding-top:0.65em;padding-right:2.33em;padding-bottom:0.65em;padding-left:2.33em;letter-spacing:3px;background-color:#0bbd17;\" class=\"ls-ib-icon ls-button-layer\" data-ls-effects='[{\"effect\":\"borderize\",\"size\":\"2\"}]'><i class=\"fa fa-bolt\" style=\"margin-right:0.5em;font-size:1.3em;\"><\/i>Conoce m\u00e1s sobre nuestros motores<\/span><\/a><div style=\"top:209px;left:667px;text-align:center;font-weight:700;mix-blend-mode:normal;width:auto;height:auto;font-size:30px;font-family:Helvetica;line-height:60px;color:#ffffff;\" class=\"ls-l ls-html-layer\" data-ls=\"offsetyin:-50lh;delayin:100;easingin:easeOutQuint;position:relative;\">Motores a gas Jenbacher Colombia<\/div><\/div><div class=\"ls-slide\" data-ls=\"bgsize:cover;bgcolor:#303030;duration:4000;transition2d:5;\"><img loading=\"lazy\" decoding=\"async\" width=\"2000\" height=\"1153\" src=\"https:\/\/pegsa.com.co\/wp-content\/uploads\/2026\/03\/PEGSA-WAUKESHA-3209.jpg\" class=\"ls-bg\" alt=\"\" srcset=\"https:\/\/pegsa.com.co\/wp-content\/uploads\/2026\/03\/PEGSA-WAUKESHA-3209.jpg 2000w, https:\/\/pegsa.com.co\/wp-content\/uploads\/2026\/03\/PEGSA-WAUKESHA-3209-300x173.jpg 300w, https:\/\/pegsa.com.co\/wp-content\/uploads\/2026\/03\/PEGSA-WAUKESHA-3209-1024x590.jpg 1024w, https:\/\/pegsa.com.co\/wp-content\/uploads\/2026\/03\/PEGSA-WAUKESHA-3209-768x443.jpg 768w, https:\/\/pegsa.com.co\/wp-content\/uploads\/2026\/03\/PEGSA-WAUKESHA-3209-1536x886.jpg 1536w\" sizes=\"(max-width: 2000px) 100vw, 2000px\" \/><img loading=\"lazy\" decoding=\"async\" width=\"1280\" height=\"600\" src=\"https:\/\/pegsa.com.co\/wp-content\/uploads\/2026\/03\/ls-project-2-slide-2.jpg\" class=\"ls-tn\" alt=\"\" srcset=\"https:\/\/pegsa.com.co\/wp-content\/uploads\/2026\/03\/ls-project-2-slide-2.jpg 1280w, https:\/\/pegsa.com.co\/wp-content\/uploads\/2026\/03\/ls-project-2-slide-2-300x141.jpg 300w, https:\/\/pegsa.com.co\/wp-content\/uploads\/2026\/03\/ls-project-2-slide-2-1024x480.jpg 1024w, https:\/\/pegsa.com.co\/wp-content\/uploads\/2026\/03\/ls-project-2-slide-2-768x360.jpg 768w\" sizes=\"(max-width: 1280px) 100vw, 1280px\" \/><a style=\"\" class=\"ls-l\" href=\"https:\/\/pegsa.com.co\/motores-waukesha\/\" target=\"_self\" data-ls=\"position:fixed;\"><ls-layer style=\"width:1920px;stroke:#000000;top:0px;left:0px;height:1080px;color:rgba(51, 51, 51, 0.56);\" class=\"ls-shape-layer\"><svg xmlns=\"http:\/\/www.w3.org\/2000\/svg\" viewbox=\"-0 -0 1280 600\" preserveaspectratio=\"none\"><path fill=\"currentColor\" d=\"M 0 5 A 5 5 0 0 1 5 0 L 1275 0 A 5 5 0 0 1 1280 5 L 1280 595 A 5 5 0 0 1 1275 600 L 5 600 A 5 5 0 0 1 0 595 Z\"><\/path><\/svg><\/ls-layer><\/a><div style=\"top:267px;left:88px;mix-blend-mode:normal;font-size:21px;font-family:Helvetica;width:501px;background-color:#;color:#ffffff;height:66px;line-height:27px;white-space:normal;\" class=\"ls-l ls-html-layer\" data-ls=\"offsetyin:-50px;delayin:200;easingin:easeOutQuint;position:relative;\">Su aliado para una energ\u00eda confiable. Optimizamos su rendimiento operativo y reducimos las emisiones.<\/div><a style=\"\" class=\"ls-l\" href=\"https:\/\/pegsa.com.co\/motores-a-gas-jenbacher-colombia\/\" target=\"_self\" data-ls=\"offsetyin:50px;delayin:200;easingin:easeOutQuint;hover:true;hovereasingin:easeInOutQuint;hoveropacity:0.7;position:relative;\"><span style=\"top:366px;left:87px;text-align:center;font-weight:600;color:#fff;font-size:15px;padding-top:0.65em;padding-right:2.33em;padding-bottom:0.65em;padding-left:2.33em;background-color:#ee4c08;letter-spacing:3px;\" class=\"ls-ib-icon ls-button-layer\" data-ls-effects='[{\"effect\":\"borderize\",\"size\":\"2\"}]'><i class=\"fa fa-bolt\" style=\"margin-right:1.3em;\"><\/i>Conoce m\u00e1s sobre nuestros motores<\/span><\/a><div style=\"top:209px;left:87px;text-align:center;font-weight:700;mix-blend-mode:normal;width:auto;height:auto;font-size:30px;font-family:Helvetica;line-height:60px;color:#ffffff;\" class=\"ls-l ls-html-layer\" data-ls=\"offsetyin:-50lh;delayin:100;easingin:easeOutQuint;position:relative;\">Motores a gas Waukesha<\/div><\/div><div class=\"ls-slide\" data-ls=\"bgsize:cover;\"><img loading=\"lazy\" decoding=\"async\" width=\"1920\" height=\"650\" src=\"https:\/\/pegsa.com.co\/wp-content\/uploads\/2026\/03\/banner-20-anos.jpg\" class=\"ls-bg\" alt=\"20 a\u00f1os de PEGSA\" srcset=\"https:\/\/pegsa.com.co\/wp-content\/uploads\/2026\/03\/banner-20-anos.jpg 1920w, https:\/\/pegsa.com.co\/wp-content\/uploads\/2026\/03\/banner-20-anos-300x102.jpg 300w, https:\/\/pegsa.com.co\/wp-content\/uploads\/2026\/03\/banner-20-anos-1024x347.jpg 1024w, https:\/\/pegsa.com.co\/wp-content\/uploads\/2026\/03\/banner-20-anos-768x260.jpg 768w, https:\/\/pegsa.com.co\/wp-content\/uploads\/2026\/03\/banner-20-anos-1536x520.jpg 1536w\" sizes=\"(max-width: 1920px) 100vw, 1920px\" \/><img loading=\"lazy\" decoding=\"async\" width=\"1280\" height=\"600\" src=\"https:\/\/pegsa.com.co\/wp-content\/uploads\/2026\/03\/ls-project-2-slide-1-4.jpg\" class=\"ls-tn\" alt=\"\" srcset=\"https:\/\/pegsa.com.co\/wp-content\/uploads\/2026\/03\/ls-project-2-slide-1-4.jpg 1280w, https:\/\/pegsa.com.co\/wp-content\/uploads\/2026\/03\/ls-project-2-slide-1-4-300x141.jpg 300w, https:\/\/pegsa.com.co\/wp-content\/uploads\/2026\/03\/ls-project-2-slide-1-4-1024x480.jpg 1024w, https:\/\/pegsa.com.co\/wp-content\/uploads\/2026\/03\/ls-project-2-slide-1-4-768x360.jpg 768w\" sizes=\"(max-width: 1280px) 100vw, 1280px\" \/><\/div><\/div>\t\t\t\t<\/div>\n\t\t\t\t<\/div>\n\t\t\t\t\t<\/div>\n\t\t\t\t<\/div>\n\t\t\t\t<\/div>\n\t\t","protected":false},"excerpt":{"rendered":"<p>Nuestro prop\u00f3sito se enfoca en ayudar a las empresas a operar de manera m\u00e1s sostenible y eficienteConoce m\u00e1s sobre nuestros motoresMotores a gas Jenbacher ColombiaSu aliado para una energ\u00eda confiable. Optimizamos su rendimiento operativo y reducimos las emisiones.Conoce m\u00e1s sobre nuestros motoresMotores a gas WaukeshaTecnolog\u00eda con prop\u00f3sito: la nueva herramienta inteligente de PEGSAConoce nuestro nuevo [&hellip;]<\/p>\n","protected":false},"author":1,"featured_media":0,"parent":0,"menu_order":0,"comment_status":"closed","ping_status":"closed","template":"","meta":{"content-type":"","footnotes":""},"class_list":["post-3252","page","type-page","status-publish","hentry"],"blocksy_meta":[],"_links":{"self":[{"href":"https:\/\/pegsa.com.co\/en\/wp-json\/wp\/v2\/pages\/3252","targetHints":{"allow":["GET"]}}],"collection":[{"href":"https:\/\/pegsa.com.co\/en\/wp-json\/wp\/v2\/pages"}],"about":[{"href":"https:\/\/pegsa.com.co\/en\/wp-json\/wp\/v2\/types\/page"}],"author":[{"embeddable":true,"href":"https:\/\/pegsa.com.co\/en\/wp-json\/wp\/v2\/users\/1"}],"replies":[{"embeddable":true,"href":"https:\/\/pegsa.com.co\/en\/wp-json\/wp\/v2\/comments?post=3252"}],"version-history":[{"count":7,"href":"https:\/\/pegsa.com.co\/en\/wp-json\/wp\/v2\/pages\/3252\/revisions"}],"predecessor-version":[{"id":3260,"href":"https:\/\/pegsa.com.co\/en\/wp-json\/wp\/v2\/pages\/3252\/revisions\/3260"}],"wp:attachment":[{"href":"https:\/\/pegsa.com.co\/en\/wp-json\/wp\/v2\/media?parent=3252"}],"curies":[{"name":"wp","href":"https:\/\/api.w.org\/{rel}","templated":true}]}}